{"id":56,"date":"2020-05-21T17:45:05","date_gmt":"2020-05-21T17:45:05","guid":{"rendered":"https:\/\/mail.die-blaue-stunde.de\/?page_id=56"},"modified":"2020-05-21T17:45:05","modified_gmt":"2020-05-21T17:45:05","slug":"datenschutzerklaerung","status":"publish","type":"page","link":"https:\/\/mail.die-blaue-stunde.de\/?page_id=56","title":{"rendered":"Datenschutzerkl\u00e4rung"},"content":{"rendered":"\n<p>Mit den nachfolgenden Hinweisen informieren wir Sie \u00fcber die Inhalte unseres Newsletters sowie das Anmelde-, Versand- und das statistische Auswertungsverfahren sowie Ihre Widerspruchsrechte. Indem Sie unseren Newsletter abonnieren, erkl\u00e4ren Sie sich mit dem Empfang und den beschriebenen Verfahren einverstanden.<\/p>\n\n\n\n<p>Inhalt des Newsletters: Wir versenden Newsletter und E-Mails (nachfolgend \u201eNewsletter\u201c) nur mit der Einwilligung der Empf\u00e4nger oder einer gesetzlichen Erlaubnis. Sofern im Rahmen einer Anmeldung zum Newsletter dessen Inhalte konkret umschrieben werden, sind sie f\u00fcr die Einwilligung der Nutzer ma\u00dfgeblich. Im \u00dcbrigen enthalten unsere Newsletter Informationen zu Blaue Stunde Aktivit\u00e4ten und anderen Veranstaltugen.<\/p>\n\n\n\n<p>Double-Opt-In und Protokollierung: Die Anmeldung zu unserem Newsletter erfolgt in einem sog. Double-Opt-In-Verfahren. D.h. Sie erhalten nach der Anmeldung eine E-Mail, in der Sie um die Best\u00e4tigung Ihrer Anmeldung gebeten werden. Diese Best\u00e4tigung ist notwendig, damit sich niemand mit fremden E-Mailadressen anmelden kann. Die Anmeldungen zum Newsletter werden protokolliert, um den Anmeldeprozess entsprechend den rechtlichen Anforderungen nachweisen zu k\u00f6nnen. Hierzu geh\u00f6rt die Speicherung des Anmelde- und des Best\u00e4tigungszeitpunkts, als auch der IP-Adresse. Ebenso werden die \u00c4nderungen Ihrer bei dem Versanddienstleister gespeicherten Daten protokolliert.<\/p>\n\n\n\n<p>Versanddienstleister: Der Versand der Newsletter erfolgt mittels \u201eMailPoet\u201c dies ist eine Versandplattform von&nbsp;<em>Wysija SARL<\/em>, incorporated in France since 2011. Our address:&nbsp;6 rue Dieud\u00e9,13006, Marseille,&nbsp;FRANCE<\/p>\n\n\n\n<p>Soweit wir einen Versanddienstleister einsetzen, kann der Versanddienstleister nach eigenen Informationen diese Daten in pseudonymer Form, d.h. ohne Zuordnung zu einem Nutzer, zur Optimierung oder Verbesserung der eigenen Services nutzen, z.B. zur technischen Optimierung des Versandes und der Darstellung der Newsletter oder f\u00fcr statistische Zwecke, um zu bestimmen aus welchen L\u00e4ndern die Empf\u00e4nger kommen, verwenden. <strong>Der Versanddienstleister nutzt die Daten unserer Newsletterempf\u00e4nger jedoch nicht, um diese selbst anzuschreiben oder an Dritte weiterzugeben.<\/strong><\/p>\n\n\n\n<p>Anmeldedaten: Um sich f\u00fcr den Newsletter anzumelden, werden Ihr Vorname, eventuell Ihr Nachname und Ihre E-Mailadresse angegeben.<\/p>\n\n\n\n<p>Erfolgsmessung: Die Newsletter enthalten einen sog. \u201eweb-beacon\u201c, d.h. eine pixelgro\u00dfe Datei, die beim \u00d6ffnen des Newsletters von unserem Server, bzw. sofern wir einen Versanddienstleister einsetzen, von dessen Server abgerufen wird. Im Rahmen dieses Abrufs werden zun\u00e4chst technische Informationen, wie Informationen zum Browser und Ihrem System, als auch Ihre IP-Adresse und Zeitpunkt des Abrufs erhoben. Diese Informationen werden zur technischen Verbesserung der Services anhand der technischen Daten oder der Zielgruppen anhand derer Abruforte (die mit Hilfe der IP-Adresse bestimmbar sind) oder der Zugriffszeiten genutzt. Zu den statistischen Erhebungen geh\u00f6rt ebenfalls die Feststellung, ob die Newsletter ge\u00f6ffnet werden, wann sie ge\u00f6ffnet werden und welche Links geklickt werden. Diese Informationen k\u00f6nnen aus technischen Gr\u00fcnden zwar den einzelnen Newsletterempf\u00e4ngern zugeordnet werden. Es ist jedoch weder unser Bestreben, noch, sofern eingesetzt, das des Versanddienstleisters, einzelne Nutzer zu beobachten. (&lt;&#8211; das will ich mal ganz stark hoffen. Frank) Die Auswertungen dienen uns viel mehr dazu, inaktive Mail-Adressen herauszufiltern, um anschlie\u00dfend das Datenaufkommen zu reduzieren.<\/p>\n\n\n\n<p>Deutschland: Der Versand des Newsletters und die Erfolgsmessung erfolgen auf Grundlage einer Einwilligung der Empf\u00e4nger gem. Art. 6 Abs. 1 lit. a, Art. 7 DSGVO i.V.m \u00a7 7 Abs. 2 Nr. 3 UWG bzw. auf Grundlage der gesetzlichen Erlaubnis gem. \u00a7 7 Abs. 3 UWG.<\/p>\n\n\n\n<p>Die Protokollierung des Anmeldeverfahrens erfolgt gem. Art. 6 Abs. 1 lit. f DSGVO und dient dem Nachweis der Einwilligung in den Empfang des Newsletters.<\/p>\n\n\n\n<p>Newsletterempf\u00e4nger k\u00f6nnen den Empfang unseres Newsletters jederzeit k\u00fcndigen, d.h. Ihre Einwilligungen widerrufen. Einen Link zur K\u00fcndigung des Newsletters finden sie am Ende eines jeden Newsletters. Damit erl\u00f6schen gleichzeitig ihre Einwilligungen in die Erfolgsmessung. Ein getrennter Widerruf der Erfolgsmessung ist leider nicht m\u00f6glich, in diesem Fall muss das gesamte Newsletterabonnement gek\u00fcndigt werden. Mit der Abmeldung von Newsletter, werden die personenbezogenen Daten gel\u00f6scht.<\/p>\n\n\n\n<p>Erhebung von Zugriffsdaten und Logfiles: Wir erheben im Sinne des Art. 6 Abs. 1 lit. f. DSGVO Daten \u00fcber jeden Zugriff auf den Server, auf dem sich dieser Dienst befindet (sogenannte Serverlogfiles). Zu den Zugriffsdaten geh\u00f6ren Name der abgerufenen Webseite, Datei, Datum und Uhrzeit des Abrufs, \u00fcbertragene Datenmenge, Meldung \u00fcber erfolgreichen Abruf, Browsertyp nebst Version, das Betriebssystem des Nutzers, Referrer URL (die zuvor besuchte Seite), IP-Adresse und der anfragende Provider.<\/p>\n","protected":false},"excerpt":{"rendered":"<p>Mit den nachfolgenden Hinweisen informieren wir Sie \u00fcber die Inhalte unseres Newsletters sowie das Anmelde-, Versand- und das statistische Auswertungsverfahren sowie Ihre Widerspruchsrechte. Indem Sie unseren Newsletter abonnieren, erkl\u00e4ren Sie sich mit dem Empfang und den beschriebenen Verfahren einverstanden. Inhalt des Newsletters: Wir versenden Newsletter und E-Mails (nachfolgend \u201eNewsletter\u201c) nur mit der Einwilligung der Empf\u00e4nger &hellip; <\/p>\n<p class=\"link-more\"><a href=\"https:\/\/mail.die-blaue-stunde.de\/?page_id=56\" class=\"more-link\"><span class=\"screen-reader-text\">\u201eDatenschutzerkl\u00e4rung\u201c<\/span> weiterlesen<\/a><\/p>\n","protected":false},"author":1,"featured_media":0,"parent":0,"menu_order":0,"comment_status":"closed","ping_status":"closed","template":"","meta":{"footnotes":""},"class_list":["post-56","page","type-page","status-publish","hentry"],"_links":{"self":[{"href":"https:\/\/mail.die-blaue-stunde.de\/index.php?rest_route=\/wp\/v2\/pages\/56","targetHints":{"allow":["GET"]}}],"collection":[{"href":"https:\/\/mail.die-blaue-stunde.de\/index.php?rest_route=\/wp\/v2\/pages"}],"about":[{"href":"https:\/\/mail.die-blaue-stunde.de\/index.php?rest_route=\/wp\/v2\/types\/page"}],"author":[{"embeddable":true,"href":"https:\/\/mail.die-blaue-stunde.de\/index.php?rest_route=\/wp\/v2\/users\/1"}],"replies":[{"embeddable":true,"href":"https:\/\/mail.die-blaue-stunde.de\/index.php?rest_route=%2Fwp%2Fv2%2Fcomments&post=56"}],"version-history":[{"count":1,"href":"https:\/\/mail.die-blaue-stunde.de\/index.php?rest_route=\/wp\/v2\/pages\/56\/revisions"}],"predecessor-version":[{"id":57,"href":"https:\/\/mail.die-blaue-stunde.de\/index.php?rest_route=\/wp\/v2\/pages\/56\/revisions\/57"}],"wp:attachment":[{"href":"https:\/\/mail.die-blaue-stunde.de\/index.php?rest_route=%2Fwp%2Fv2%2Fmedia&parent=56"}],"curies":[{"name":"wp","href":"https:\/\/api.w.org\/{rel}","templated":true}]}}